{"id":29738,"date":"2024-10-28T15:38:55","date_gmt":"2024-10-28T14:38:55","guid":{"rendered":"https:\/\/soulflyers.wepaul.com\/contact\/"},"modified":"2025-10-07T12:37:26","modified_gmt":"2025-10-07T10:37:26","slug":"contact","status":"publish","type":"page","link":"https:\/\/soulflyers.com\/en\/contact\/","title":{"rendered":"Contact"},"content":{"rendered":"<p>[et_pb_section fb_built=&#8221;1&#8243; _builder_version=&#8221;4.27.2&#8243; _module_preset=&#8221;default&#8221; background_image=&#8221;http:\/\/soulflyers.com\/wp-content\/uploads\/2025\/01\/CONTACT.jpg&#8221; height=&#8221;80vh&#8221; custom_padding=&#8221;0px||0px||true|false&#8221; locked=&#8221;off&#8221; global_colors_info=&#8221;{}&#8221; theme_builder_area=&#8221;post_content&#8221;][et_pb_row use_custom_gutter=&#8221;on&#8221; make_equal=&#8221;on&#8221; _builder_version=&#8221;4.27.2&#8243; _module_preset=&#8221;default&#8221; background_enable_image=&#8221;off&#8221; positioning=&#8221;absolute&#8221; position_origin_a=&#8221;center_left&#8221; width=&#8221;100%&#8221; max_width=&#8221;100%&#8221; custom_margin=&#8221;-100px||0px||false|false&#8221; custom_padding=&#8221;0px||0px||true|false&#8221; animation_direction=&#8221;bottom&#8221; scroll_vertical_motion_enable=&#8221;on&#8221; scroll_vertical_motion=&#8221;0|0|50|100|0|-0.5|1&#8243; motion_trigger_start=&#8221;bottom&#8221; global_colors_info=&#8221;{}&#8221; theme_builder_area=&#8221;post_content&#8221;][et_pb_column type=&#8221;4_4&#8243; _builder_version=&#8221;4.27.2&#8243; _module_preset=&#8221;default&#8221; global_colors_info=&#8221;{}&#8221; theme_builder_area=&#8221;post_content&#8221;][et_pb_text _builder_version=&#8221;4.27.2&#8243; _module_preset=&#8221;default&#8221; header_font=&#8221;Inter|700||on|||||&#8221; header_text_align=&#8221;left&#8221; header_text_color=&#8221;#FFFFFF&#8221; header_font_size=&#8221;150px&#8221; positioning=&#8221;relative&#8221; position_origin_a=&#8221;center_left&#8221; z_index=&#8221;0&#8243; width=&#8221;100%&#8221; max_width=&#8221;100%&#8221; custom_margin=&#8221;0px||0px||true|false&#8221; custom_padding=&#8221;0px||0px||true|false&#8221; animation_style=&#8221;slide&#8221; animation_direction=&#8221;bottom&#8221; animation_duration=&#8221;1500ms&#8221; animation_intensity_slide=&#8221;0%&#8221; scroll_vertical_motion=&#8221;0|0|8|100|4|0|-4&#8243; motion_trigger_start=&#8221;top&#8221; header_font_size_tablet=&#8221;150px&#8221; header_font_size_phone=&#8221;70px&#8221; header_font_size_last_edited=&#8221;on|phone&#8221; header_text_shadow_style=&#8221;preset1&#8243; header_text_shadow_vertical_length=&#8221;0.05em&#8221; global_colors_info=&#8221;{}&#8221; theme_builder_area=&#8221;post_content&#8221;]<\/p>\n<h1 style=\"text-align: center;\">Contact<\/h1>\n<p>[\/et_pb_text][\/et_pb_column][\/et_pb_row][et_pb_row use_custom_gutter=&#8221;on&#8221; make_equal=&#8221;on&#8221; _builder_version=&#8221;4.27.2&#8243; _module_preset=&#8221;default&#8221; background_image=&#8221;http:\/\/soulflyers.com\/wp-content\/uploads\/2025\/01\/contact-fly.png&#8221; positioning=&#8221;absolute&#8221; width=&#8221;100%&#8221; max_width=&#8221;100%&#8221; height=&#8221;80vh&#8221; custom_margin=&#8221;0px||0px||true|false&#8221; custom_padding=&#8221;0px||0px||true|false&#8221; global_colors_info=&#8221;{}&#8221; theme_builder_area=&#8221;post_content&#8221;][et_pb_column type=&#8221;4_4&#8243; _builder_version=&#8221;4.27.2&#8243; _module_preset=&#8221;default&#8221; global_colors_info=&#8221;{}&#8221; theme_builder_area=&#8221;post_content&#8221;][\/et_pb_column][\/et_pb_row][\/et_pb_section][et_pb_section fb_built=&#8221;1&#8243; _builder_version=&#8221;4.27.2&#8243; _module_preset=&#8221;default&#8221; background_image=&#8221;http:\/\/soulflyers.com\/wp-content\/uploads\/2024\/10\/FOND-02-scaled.jpg&#8221; custom_margin=&#8221;||||false|false&#8221; custom_padding=&#8221;||200px||false|false&#8221; global_colors_info=&#8221;{}&#8221; theme_builder_area=&#8221;post_content&#8221;][et_pb_row _builder_version=&#8221;4.27.2&#8243; _module_preset=&#8221;default&#8221; global_colors_info=&#8221;{}&#8221; theme_builder_area=&#8221;post_content&#8221;][et_pb_column type=&#8221;4_4&#8243; _builder_version=&#8221;4.27.2&#8243; _module_preset=&#8221;default&#8221; global_colors_info=&#8221;{}&#8221; theme_builder_area=&#8221;post_content&#8221;][et_pb_text _builder_version=&#8221;4.27.2&#8243; _module_preset=&#8221;default&#8221; text_font=&#8221;Inter||||||||&#8221; text_text_color=&#8221;#000000&#8243; text_font_size=&#8221;15px&#8221; text_letter_spacing=&#8221;1px&#8221; text_line_height=&#8221;2em&#8221; width=&#8221;70%&#8221; width_tablet=&#8221;70%&#8221; width_phone=&#8221;90%&#8221; width_last_edited=&#8221;on|phone&#8221; module_alignment=&#8221;center&#8221; custom_margin=&#8221;50px||50px||true|false&#8221; custom_padding=&#8221;|20px||20px|false|true&#8221; locked=&#8221;off&#8221; global_colors_info=&#8221;{}&#8221; theme_builder_area=&#8221;post_content&#8221;]<\/p>\n<p style=\"text-align: center;\"><span>Interested in booking the Soul Flyers for your event or learning more about what we offer? Don&#8217;t hesitate to contact us !<\/span><\/p>\n<p><span><\/span><\/p>\n<p>[\/et_pb_text][\/et_pb_column][\/et_pb_row][et_pb_row _builder_version=&#8221;4.27.2&#8243; _module_preset=&#8221;default&#8221; global_colors_info=&#8221;{}&#8221; theme_builder_area=&#8221;post_content&#8221;][et_pb_column type=&#8221;4_4&#8243; _builder_version=&#8221;4.27.2&#8243; _module_preset=&#8221;default&#8221; global_colors_info=&#8221;{}&#8221; theme_builder_area=&#8221;post_content&#8221;][et_pb_blurb use_icon=&#8221;on&#8221; font_icon=&#8221;&#xf0e0;||fa||400&#8243; icon_color=&#8221;#000000&#8243; icon_placement=&#8221;left&#8221; _builder_version=&#8221;4.27.2&#8243; _module_preset=&#8221;default&#8221; body_font=&#8221;||||||||&#8221; body_text_color=&#8221;#000000&#8243; body_font_size=&#8221;16px&#8221; custom_padding=&#8221;||||false|false&#8221; hover_enabled=&#8221;0&#8243; global_colors_info=&#8221;{}&#8221; theme_builder_area=&#8221;post_content&#8221; sticky_enabled=&#8221;0&#8243;]info@soulflyers.com[\/et_pb_blurb][\/et_pb_column][\/et_pb_row][et_pb_row _builder_version=&#8221;4.27.2&#8243; _module_preset=&#8221;default&#8221; global_colors_info=&#8221;{}&#8221; theme_builder_area=&#8221;post_content&#8221;][et_pb_column type=&#8221;4_4&#8243; _builder_version=&#8221;4.27.2&#8243; _module_preset=&#8221;default&#8221; global_colors_info=&#8221;{}&#8221; theme_builder_area=&#8221;post_content&#8221;][et_pb_contact_form email=&#8221;info@soulflyers.com, polbesson@gmail.com&#8221; custom_message=&#8221;\/\/\/MESSAGE DU SITE LES SOUL FLYERS\/\/\/||et_pb_line_break_holder||||et_pb_line_break_holder||Entreprise: %%Entreprise%%||et_pb_line_break_holder||Nom: %%Nom%%||et_pb_line_break_holder||Pr\u00e9nom: %%prenom%%||et_pb_line_break_holder||E-mail: %%email%%||et_pb_line_break_holder||T\u00e9l\u00e9phone: %%telephone%%||et_pb_line_break_holder||Message: %%message%%||et_pb_line_break_holder||&#8221; success_message=&#8221;Thank you for contacting us, we&#039;ll be back to you soon.&#8221; submit_button_text=&#8221;Send&#8221; _builder_version=&#8221;4.27.2&#8243; _module_preset=&#8221;default&#8221; _unique_id=&#8221;5c61dd80-c859-4883-808a-693e795064d4&#8243; form_field_background_color=&#8221;RGBA(255,255,255,0)&#8221; form_field_text_color=&#8221;#000000&#8243; form_field_focus_background_color=&#8221;#FFFFFF&#8221; form_field_focus_text_color=&#8221;#000000&#8243; form_field_font=&#8221;Inter||||||||&#8221; custom_button=&#8221;on&#8221; button_text_color=&#8221;#000000&#8243; button_bg_color=&#8221;#FFFFFF&#8221; button_border_width=&#8221;0px&#8221; button_font=&#8221;Inter|700|on||||||&#8221; button_icon=&#8221;&#x24;||divi||400&#8243; button_icon_color=&#8221;#F6892B&#8221; button_custom_margin=&#8221;||||false|false&#8221; button_custom_padding=&#8221;10px|50px|10px|50px|false|true&#8221; custom_padding=&#8221;||||false|false&#8221; hover_enabled=&#8221;0&#8243; button_bg_color_last_edited=&#8221;off|desktop&#8221; button_icon_color_last_edited=&#8221;off|desktop&#8221; border_width_bottom=&#8221;1px&#8221; global_colors_info=&#8221;{}&#8221; button_icon_color__hover_enabled=&#8221;on|hover&#8221; button_icon_color__hover=&#8221;#000000&#8243; button_text_color__hover_enabled=&#8221;on|hover&#8221; button_text_color__hover=&#8221;#FFFFFF&#8221; box_shadow_color_button__hover_enabled=&#8221;on|desktop&#8221; box_shadow_color_button__hover=&#8221;#000000&#8243; button_custom_padding__hover_enabled=&#8221;off|hover&#8221; button_bg_color__hover_enabled=&#8221;on|hover&#8221; button_bg_color__hover=&#8221;#F6892B&#8221; button_bg_enable_color__hover=&#8221;on&#8221; theme_builder_area=&#8221;post_content&#8221; sticky_enabled=&#8221;0&#8243;][et_pb_contact_field field_id=&#8221;Entreprise&#8221; field_title=&#8221;Entreprise&#8221; fullwidth_field=&#8221;on&#8221; _builder_version=&#8221;4.27.2&#8243; global_colors_info=&#8221;{}&#8221; button_text_size__hover_enabled=&#8221;off&#8221; button_one_text_size__hover_enabled=&#8221;off&#8221; button_two_text_size__hover_enabled=&#8221;off&#8221; button_text_color__hover_enabled=&#8221;off&#8221; button_one_text_color__hover_enabled=&#8221;off&#8221; button_two_text_color__hover_enabled=&#8221;off&#8221; button_border_width__hover_enabled=&#8221;off&#8221; button_one_border_width__hover_enabled=&#8221;off&#8221; button_two_border_width__hover_enabled=&#8221;off&#8221; button_border_color__hover_enabled=&#8221;off&#8221; button_one_border_color__hover_enabled=&#8221;off&#8221; button_two_border_color__hover_enabled=&#8221;off&#8221; button_border_radius__hover_enabled=&#8221;off&#8221; button_one_border_radius__hover_enabled=&#8221;off&#8221; button_two_border_radius__hover_enabled=&#8221;off&#8221; button_letter_spacing__hover_enabled=&#8221;off&#8221; button_one_letter_spacing__hover_enabled=&#8221;off&#8221; button_two_letter_spacing__hover_enabled=&#8221;off&#8221; button_bg_color__hover_enabled=&#8221;off&#8221; button_one_bg_color__hover_enabled=&#8221;off&#8221; button_two_bg_color__hover_enabled=&#8221;off&#8221; theme_builder_area=&#8221;post_content&#8221;][\/et_pb_contact_field][et_pb_contact_field field_id=&#8221;Nom&#8221; field_title=&#8221;First name&#8221; _builder_version=&#8221;4.27.2&#8243; global_colors_info=&#8221;{}&#8221; button_text_size__hover_enabled=&#8221;off&#8221; button_one_text_size__hover_enabled=&#8221;off&#8221; button_two_text_size__hover_enabled=&#8221;off&#8221; button_text_color__hover_enabled=&#8221;off&#8221; button_one_text_color__hover_enabled=&#8221;off&#8221; button_two_text_color__hover_enabled=&#8221;off&#8221; button_border_width__hover_enabled=&#8221;off&#8221; button_one_border_width__hover_enabled=&#8221;off&#8221; button_two_border_width__hover_enabled=&#8221;off&#8221; button_border_color__hover_enabled=&#8221;off&#8221; button_one_border_color__hover_enabled=&#8221;off&#8221; button_two_border_color__hover_enabled=&#8221;off&#8221; button_border_radius__hover_enabled=&#8221;off&#8221; button_one_border_radius__hover_enabled=&#8221;off&#8221; button_two_border_radius__hover_enabled=&#8221;off&#8221; button_letter_spacing__hover_enabled=&#8221;off&#8221; button_one_letter_spacing__hover_enabled=&#8221;off&#8221; button_two_letter_spacing__hover_enabled=&#8221;off&#8221; button_bg_color__hover_enabled=&#8221;off&#8221; button_one_bg_color__hover_enabled=&#8221;off&#8221; button_two_bg_color__hover_enabled=&#8221;off&#8221; theme_builder_area=&#8221;post_content&#8221;][\/et_pb_contact_field][et_pb_contact_field field_id=&#8221;Prenom&#8221; field_title=&#8221;Last name&#8221; _builder_version=&#8221;4.27.2&#8243; global_colors_info=&#8221;{}&#8221; button_text_size__hover_enabled=&#8221;off&#8221; button_one_text_size__hover_enabled=&#8221;off&#8221; button_two_text_size__hover_enabled=&#8221;off&#8221; button_text_color__hover_enabled=&#8221;off&#8221; button_one_text_color__hover_enabled=&#8221;off&#8221; button_two_text_color__hover_enabled=&#8221;off&#8221; button_border_width__hover_enabled=&#8221;off&#8221; button_one_border_width__hover_enabled=&#8221;off&#8221; button_two_border_width__hover_enabled=&#8221;off&#8221; button_border_color__hover_enabled=&#8221;off&#8221; button_one_border_color__hover_enabled=&#8221;off&#8221; button_two_border_color__hover_enabled=&#8221;off&#8221; button_border_radius__hover_enabled=&#8221;off&#8221; button_one_border_radius__hover_enabled=&#8221;off&#8221; button_two_border_radius__hover_enabled=&#8221;off&#8221; button_letter_spacing__hover_enabled=&#8221;off&#8221; button_one_letter_spacing__hover_enabled=&#8221;off&#8221; button_two_letter_spacing__hover_enabled=&#8221;off&#8221; button_bg_color__hover_enabled=&#8221;off&#8221; button_one_bg_color__hover_enabled=&#8221;off&#8221; button_two_bg_color__hover_enabled=&#8221;off&#8221; theme_builder_area=&#8221;post_content&#8221;][\/et_pb_contact_field][et_pb_contact_field field_id=&#8221;email&#8221; field_title=&#8221;Email&#8221; field_type=&#8221;email&#8221; _builder_version=&#8221;4.27.2&#8243; _module_preset=&#8221;default&#8221; global_colors_info=&#8221;{}&#8221; theme_builder_area=&#8221;post_content&#8221;][\/et_pb_contact_field][et_pb_contact_field field_id=&#8221;telephone&#8221; field_title=&#8221;Phone&#8221; _builder_version=&#8221;4.27.2&#8243; _module_preset=&#8221;default&#8221; global_colors_info=&#8221;{}&#8221; theme_builder_area=&#8221;post_content&#8221;][\/et_pb_contact_field][et_pb_contact_field field_id=&#8221;Message&#8221; field_title=&#8221;Message&#8221; field_type=&#8221;text&#8221; fullwidth_field=&#8221;on&#8221; _builder_version=&#8221;4.16&#8243; global_colors_info=&#8221;{}&#8221; button_text_size__hover_enabled=&#8221;off&#8221; button_one_text_size__hover_enabled=&#8221;off&#8221; button_two_text_size__hover_enabled=&#8221;off&#8221; button_text_color__hover_enabled=&#8221;off&#8221; button_one_text_color__hover_enabled=&#8221;off&#8221; button_two_text_color__hover_enabled=&#8221;off&#8221; button_border_width__hover_enabled=&#8221;off&#8221; button_one_border_width__hover_enabled=&#8221;off&#8221; button_two_border_width__hover_enabled=&#8221;off&#8221; button_border_color__hover_enabled=&#8221;off&#8221; button_one_border_color__hover_enabled=&#8221;off&#8221; button_two_border_color__hover_enabled=&#8221;off&#8221; button_border_radius__hover_enabled=&#8221;off&#8221; button_one_border_radius__hover_enabled=&#8221;off&#8221; button_two_border_radius__hover_enabled=&#8221;off&#8221; button_letter_spacing__hover_enabled=&#8221;off&#8221; button_one_letter_spacing__hover_enabled=&#8221;off&#8221; button_two_letter_spacing__hover_enabled=&#8221;off&#8221; button_bg_color__hover_enabled=&#8221;off&#8221; button_one_bg_color__hover_enabled=&#8221;off&#8221; button_two_bg_color__hover_enabled=&#8221;off&#8221; theme_builder_area=&#8221;post_content&#8221;][\/et_pb_contact_field][\/et_pb_contact_form][\/et_pb_column][\/et_pb_row][\/et_pb_section]<\/p>\n","protected":false},"excerpt":{"rendered":"<p>ContactInterested in booking the Soul Flyers for your event or learning more about what we offer? Don&#8217;t hesitate to contact us ! info@soulflyers.com<\/p>\n","protected":false},"author":1,"featured_media":29661,"parent":0,"menu_order":0,"comment_status":"closed","ping_status":"closed","template":"","meta":{"_et_pb_use_builder":"on","_et_pb_old_content":"","_et_gb_content_width":"","footnotes":""},"class_list":["post-29738","page","type-page","status-publish","has-post-thumbnail","hentry"],"yoast_head":"<!-- This site is optimized with the Yoast SEO plugin v27.4 - https:\/\/yoast.com\/product\/yoast-seo-wordpress\/ -->\n<title>SoulFlyers | Contact us!<\/title>\n<meta name=\"description\" content=\"Interested in booking the Soul Flyers for your event or learning more about what we offer? Don&#039;t hesitate to contact us!\" \/>\n<meta name=\"robots\" content=\"index, follow, max-snippet:-1, max-image-preview:large, max-video-preview:-1\" \/>\n<link rel=\"canonical\" href=\"https:\/\/soulflyers.com\/en\/contact\/\" \/>\n<meta property=\"og:locale\" content=\"en_US\" \/>\n<meta property=\"og:type\" content=\"article\" \/>\n<meta property=\"og:title\" content=\"SoulFlyers | Contact us!\" \/>\n<meta property=\"og:description\" content=\"Interested in booking the Soul Flyers for your event or learning more about what we offer? Don&#039;t hesitate to contact us!\" \/>\n<meta property=\"og:url\" content=\"https:\/\/soulflyers.com\/en\/contact\/\" \/>\n<meta property=\"og:site_name\" content=\"Soulflyers\" \/>\n<meta property=\"article:publisher\" content=\"https:\/\/www.facebook.com\/soulflyers\" \/>\n<meta property=\"article:modified_time\" content=\"2025-10-07T10:37:26+00:00\" \/>\n<meta property=\"og:image\" content=\"http:\/\/soulflyers.com\/wp-content\/uploads\/2024\/10\/CONTACT-1024x539.jpg\" \/>\n<meta name=\"twitter:card\" content=\"summary_large_image\" \/>\n<meta name=\"twitter:label1\" content=\"Est. reading time\" \/>\n\t<meta name=\"twitter:data1\" content=\"8 minutes\" \/>\n<script type=\"application\/ld+json\" class=\"yoast-schema-graph\">{\"@context\":\"https:\\\/\\\/schema.org\",\"@graph\":[{\"@type\":\"WebPage\",\"@id\":\"https:\\\/\\\/soulflyers.com\\\/en\\\/contact\\\/\",\"url\":\"https:\\\/\\\/soulflyers.com\\\/en\\\/contact\\\/\",\"name\":\"SoulFlyers | Contact us!\",\"isPartOf\":{\"@id\":\"https:\\\/\\\/soulflyers.com\\\/en\\\/#website\"},\"primaryImageOfPage\":{\"@id\":\"https:\\\/\\\/soulflyers.com\\\/en\\\/contact\\\/#primaryimage\"},\"image\":{\"@id\":\"https:\\\/\\\/soulflyers.com\\\/en\\\/contact\\\/#primaryimage\"},\"thumbnailUrl\":\"https:\\\/\\\/soulflyers.com\\\/wp-content\\\/uploads\\\/2024\\\/10\\\/CONTACT.jpg\",\"datePublished\":\"2024-10-28T14:38:55+00:00\",\"dateModified\":\"2025-10-07T10:37:26+00:00\",\"description\":\"Interested in booking the Soul Flyers for your event or learning more about what we offer? Don't hesitate to contact us!\",\"breadcrumb\":{\"@id\":\"https:\\\/\\\/soulflyers.com\\\/en\\\/contact\\\/#breadcrumb\"},\"inLanguage\":\"en-US\",\"potentialAction\":[{\"@type\":\"ReadAction\",\"target\":[\"https:\\\/\\\/soulflyers.com\\\/en\\\/contact\\\/\"]}]},{\"@type\":\"ImageObject\",\"inLanguage\":\"en-US\",\"@id\":\"https:\\\/\\\/soulflyers.com\\\/en\\\/contact\\\/#primaryimage\",\"url\":\"https:\\\/\\\/soulflyers.com\\\/wp-content\\\/uploads\\\/2024\\\/10\\\/CONTACT.jpg\",\"contentUrl\":\"https:\\\/\\\/soulflyers.com\\\/wp-content\\\/uploads\\\/2024\\\/10\\\/CONTACT.jpg\",\"width\":2000,\"height\":1052},{\"@type\":\"BreadcrumbList\",\"@id\":\"https:\\\/\\\/soulflyers.com\\\/en\\\/contact\\\/#breadcrumb\",\"itemListElement\":[{\"@type\":\"ListItem\",\"position\":1,\"name\":\"Accueil\",\"item\":\"https:\\\/\\\/soulflyers.com\\\/en\\\/\"},{\"@type\":\"ListItem\",\"position\":2,\"name\":\"Contact\"}]},{\"@type\":\"WebSite\",\"@id\":\"https:\\\/\\\/soulflyers.com\\\/en\\\/#website\",\"url\":\"https:\\\/\\\/soulflyers.com\\\/en\\\/\",\"name\":\"Soulflyers\",\"description\":\"\",\"publisher\":{\"@id\":\"https:\\\/\\\/soulflyers.com\\\/en\\\/#organization\"},\"potentialAction\":[{\"@type\":\"SearchAction\",\"target\":{\"@type\":\"EntryPoint\",\"urlTemplate\":\"https:\\\/\\\/soulflyers.com\\\/en\\\/?s={search_term_string}\"},\"query-input\":{\"@type\":\"PropertyValueSpecification\",\"valueRequired\":true,\"valueName\":\"search_term_string\"}}],\"inLanguage\":\"en-US\"},{\"@type\":\"Organization\",\"@id\":\"https:\\\/\\\/soulflyers.com\\\/en\\\/#organization\",\"name\":\"Soulflyers\",\"url\":\"https:\\\/\\\/soulflyers.com\\\/en\\\/\",\"logo\":{\"@type\":\"ImageObject\",\"inLanguage\":\"en-US\",\"@id\":\"https:\\\/\\\/soulflyers.com\\\/en\\\/#\\\/schema\\\/logo\\\/image\\\/\",\"url\":\"https:\\\/\\\/soulflyers.com\\\/wp-content\\\/uploads\\\/2024\\\/10\\\/LOGO-SOULFLYERS.png\",\"contentUrl\":\"https:\\\/\\\/soulflyers.com\\\/wp-content\\\/uploads\\\/2024\\\/10\\\/LOGO-SOULFLYERS.png\",\"width\":350,\"height\":474,\"caption\":\"Soulflyers\"},\"image\":{\"@id\":\"https:\\\/\\\/soulflyers.com\\\/en\\\/#\\\/schema\\\/logo\\\/image\\\/\"},\"sameAs\":[\"https:\\\/\\\/www.facebook.com\\\/soulflyers\",\"https:\\\/\\\/www.youtube.com\\\/c\\\/TeamSoulFlyers\",\"https:\\\/\\\/www.instagram.com\\\/soulflyers\\\/\",\"http:\\\/\\\/tiktok.com\\\/@soul_flyers\"]}]}<\/script>\n<!-- \/ Yoast SEO plugin. -->","yoast_head_json":{"title":"SoulFlyers | Contact us!","description":"Interested in booking the Soul Flyers for your event or learning more about what we offer? Don't hesitate to contact us!","robots":{"index":"index","follow":"follow","max-snippet":"max-snippet:-1","max-image-preview":"max-image-preview:large","max-video-preview":"max-video-preview:-1"},"canonical":"https:\/\/soulflyers.com\/en\/contact\/","og_locale":"en_US","og_type":"article","og_title":"SoulFlyers | Contact us!","og_description":"Interested in booking the Soul Flyers for your event or learning more about what we offer? Don't hesitate to contact us!","og_url":"https:\/\/soulflyers.com\/en\/contact\/","og_site_name":"Soulflyers","article_publisher":"https:\/\/www.facebook.com\/soulflyers","article_modified_time":"2025-10-07T10:37:26+00:00","og_image":[{"url":"http:\/\/soulflyers.com\/wp-content\/uploads\/2024\/10\/CONTACT-1024x539.jpg","type":"","width":"","height":""}],"twitter_card":"summary_large_image","twitter_misc":{"Est. reading time":"8 minutes"},"schema":{"@context":"https:\/\/schema.org","@graph":[{"@type":"WebPage","@id":"https:\/\/soulflyers.com\/en\/contact\/","url":"https:\/\/soulflyers.com\/en\/contact\/","name":"SoulFlyers | Contact us!","isPartOf":{"@id":"https:\/\/soulflyers.com\/en\/#website"},"primaryImageOfPage":{"@id":"https:\/\/soulflyers.com\/en\/contact\/#primaryimage"},"image":{"@id":"https:\/\/soulflyers.com\/en\/contact\/#primaryimage"},"thumbnailUrl":"https:\/\/soulflyers.com\/wp-content\/uploads\/2024\/10\/CONTACT.jpg","datePublished":"2024-10-28T14:38:55+00:00","dateModified":"2025-10-07T10:37:26+00:00","description":"Interested in booking the Soul Flyers for your event or learning more about what we offer? Don't hesitate to contact us!","breadcrumb":{"@id":"https:\/\/soulflyers.com\/en\/contact\/#breadcrumb"},"inLanguage":"en-US","potentialAction":[{"@type":"ReadAction","target":["https:\/\/soulflyers.com\/en\/contact\/"]}]},{"@type":"ImageObject","inLanguage":"en-US","@id":"https:\/\/soulflyers.com\/en\/contact\/#primaryimage","url":"https:\/\/soulflyers.com\/wp-content\/uploads\/2024\/10\/CONTACT.jpg","contentUrl":"https:\/\/soulflyers.com\/wp-content\/uploads\/2024\/10\/CONTACT.jpg","width":2000,"height":1052},{"@type":"BreadcrumbList","@id":"https:\/\/soulflyers.com\/en\/contact\/#breadcrumb","itemListElement":[{"@type":"ListItem","position":1,"name":"Accueil","item":"https:\/\/soulflyers.com\/en\/"},{"@type":"ListItem","position":2,"name":"Contact"}]},{"@type":"WebSite","@id":"https:\/\/soulflyers.com\/en\/#website","url":"https:\/\/soulflyers.com\/en\/","name":"Soulflyers","description":"","publisher":{"@id":"https:\/\/soulflyers.com\/en\/#organization"},"potentialAction":[{"@type":"SearchAction","target":{"@type":"EntryPoint","urlTemplate":"https:\/\/soulflyers.com\/en\/?s={search_term_string}"},"query-input":{"@type":"PropertyValueSpecification","valueRequired":true,"valueName":"search_term_string"}}],"inLanguage":"en-US"},{"@type":"Organization","@id":"https:\/\/soulflyers.com\/en\/#organization","name":"Soulflyers","url":"https:\/\/soulflyers.com\/en\/","logo":{"@type":"ImageObject","inLanguage":"en-US","@id":"https:\/\/soulflyers.com\/en\/#\/schema\/logo\/image\/","url":"https:\/\/soulflyers.com\/wp-content\/uploads\/2024\/10\/LOGO-SOULFLYERS.png","contentUrl":"https:\/\/soulflyers.com\/wp-content\/uploads\/2024\/10\/LOGO-SOULFLYERS.png","width":350,"height":474,"caption":"Soulflyers"},"image":{"@id":"https:\/\/soulflyers.com\/en\/#\/schema\/logo\/image\/"},"sameAs":["https:\/\/www.facebook.com\/soulflyers","https:\/\/www.youtube.com\/c\/TeamSoulFlyers","https:\/\/www.instagram.com\/soulflyers\/","http:\/\/tiktok.com\/@soul_flyers"]}]}},"_links":{"self":[{"href":"https:\/\/soulflyers.com\/en\/wp-json\/wp\/v2\/pages\/29738","targetHints":{"allow":["GET"]}}],"collection":[{"href":"https:\/\/soulflyers.com\/en\/wp-json\/wp\/v2\/pages"}],"about":[{"href":"https:\/\/soulflyers.com\/en\/wp-json\/wp\/v2\/types\/page"}],"author":[{"embeddable":true,"href":"https:\/\/soulflyers.com\/en\/wp-json\/wp\/v2\/users\/1"}],"replies":[{"embeddable":true,"href":"https:\/\/soulflyers.com\/en\/wp-json\/wp\/v2\/comments?post=29738"}],"version-history":[{"count":16,"href":"https:\/\/soulflyers.com\/en\/wp-json\/wp\/v2\/pages\/29738\/revisions"}],"predecessor-version":[{"id":29847,"href":"https:\/\/soulflyers.com\/en\/wp-json\/wp\/v2\/pages\/29738\/revisions\/29847"}],"wp:featuredmedia":[{"embeddable":true,"href":"https:\/\/soulflyers.com\/en\/wp-json\/wp\/v2\/media\/29661"}],"wp:attachment":[{"href":"https:\/\/soulflyers.com\/en\/wp-json\/wp\/v2\/media?parent=29738"}],"curies":[{"name":"wp","href":"https:\/\/api.w.org\/{rel}","templated":true}]}}